{"id":139,"date":"2024-02-10T21:38:36","date_gmt":"2024-02-10T20:38:36","guid":{"rendered":"https:\/\/www.vilagmagyarsaga.hu\/?page_id=139"},"modified":"2024-02-11T11:36:08","modified_gmt":"2024-02-11T10:36:08","slug":"egyedul-nem-megy-3","status":"publish","type":"page","link":"https:\/\/www.vilagmagyarsaga.hu\/?page_id=139","title":{"rendered":"Egyed\u00fcl nem megy!!!!"},"content":{"rendered":"\n<p>Egyed\u00fcl nem megy\u2026 A folyamatos \u00e1remel\u00e9sek miatt az ut\u00f3bbi id\u0151ben t\u00f6bbsz\u00f6r ker\u00fclt vesz\u00e9lybe a Vil\u00e1g Magyars\u00e1ga hetilap megjelentet\u00e9se. Az anyagi gondokon az Olvas\u00f3k igyekeztek \u00e1tseg\u00edteni a hetilapot, amely t\u00f6bb, kevesebb ideig sikerrel is j\u00e1rt. A k\u00f6zelm\u00falt esem\u00e9nyei \u2013 a \u201ecovid j\u00e1rv\u00e1ny\u201d id\u0151szaka \u00e9s a rezsics\u00f6kkent\u00e9s miatti \u00e1remelked\u00e9sek, az el\u0151fizet\u00e9sekb\u0151l ad\u00f3d\u00f3 tartoz\u00e1sok meg nem fizet\u00e9se &#8211; azonban olyan terheket r\u00f3ttak a lapra, amit \u00f6ner\u0151b\u0151l m\u00e1r nem tud megoldani. Ha Te is olvas\u00f3ja vagy a Vil\u00e1g Magyars\u00e1g\u00e1nak \u00e9s szeretn\u00e9d, hogy tov\u00e1bbra is eljusson hozz\u00e1d, k\u00e9rlek, t\u00e1mogasd. Arra gondoltam, hogy t\u00f6bb ezren olvass\u00e1k h\u00e9tr\u0151l-h\u00e9tre imm\u00e1r 22. \u00e9ve az \u00fajs\u00e1got. Ha k\u00f6z\u00fcl\u00fck legal\u00e1bb 100-an tudn\u00e1k v\u00e1llalni, hogy egyszeri 20.000 Ft-al hozz\u00e1j\u00e1rulnak a lap kiad\u00e1saihoz, akkor hosszabb t\u00e1von megk\u00f6nny\u00edten\u00e9k a sorsukat. Ha 200-an \u00e9rzik fontosnak a seg\u00edts\u00e9gny\u00fajt\u00e1st, akkor egyszeri 10.000 Ft. is elegend\u0151 volna a felgy\u00fclemlett k\u00e9sedelmi kamatok, b\u00fcntet\u00e9sek \u00e9s m\u00e1sok \u00e1ltal okozott k\u00e1rok felsz\u00e1mol\u00e1s\u00e1ra. Ha 300-an\u2026 de ne \u00e1lmodozzunk, csak cselekedj\u00fcnk. A lap banksz\u00e1mlasz\u00e1ma, ahov\u00e1 a t\u00e1mogat\u00e1sodat eljuttathatod: MBH Bank 10300002-10694646-49010015 Szem\u00e9lyesen minden szerd\u00e1n Bp-en, a Garay-t\u00e9r 9. sz. pincehelyis\u00e9gben is \u00e1t lehet \u00e1tadni a megmarad\u00e1sra sz\u00e1nt \u00f6sszeget. \/Telefonsz\u00e1m: 06-30-289-67-43\/ Az elm\u00falt \u00e9vtizedekben magam is t\u00f6bbsz\u00f6r, igaz nem t\u00fal jelent\u0151s \u00f6sszeggel, de seg\u00edts\u00e9get ny\u00fajtottam, s b\u00e1r csal\u00e1dom sem d\u00fask\u00e1l az anyagi javakban, sz\u00edvesen tettem, s ki tudtam gazd\u00e1lkodni az esetenk\u00e9nti 5-10 ezer forintot. Ha Neked is fontos a Vil\u00e1g Magyars\u00e1ga, akkor cselekedj. Hidv\u00e9gi Zolt\u00e1n egy r\u00e9gi olvas\u00f3<\/p>\n","protected":false},"excerpt":{"rendered":"<p>Egyed\u00fcl nem megy\u2026 A folyamatos \u00e1remel\u00e9sek miatt az ut\u00f3bbi id\u0151ben t\u00f6bbsz\u00f6r ker\u00fclt vesz\u00e9lybe a Vil\u00e1g Magyars\u00e1ga hetilap megjelentet\u00e9se. Az anyagi gondokon az Olvas\u00f3k igyekeztek \u00e1tseg\u00edteni a hetilapot, amely t\u00f6bb, kevesebb ideig sikerrel is j\u00e1rt. A k\u00f6zelm\u00falt esem\u00e9nyei \u2013 a \u201ecovid j\u00e1rv\u00e1ny\u201d id\u0151szaka \u00e9s a rezsics\u00f6kkent\u00e9s miatti \u00e1remelked\u00e9sek, az el\u0151fizet\u00e9sekb\u0151l ad\u00f3d\u00f3 tartoz\u00e1sok meg nem fizet\u00e9se &#8211; [&hellip;]<\/p>\n","protected":false},"author":1,"featured_media":0,"parent":0,"menu_order":2,"comment_status":"closed","ping_status":"closed","template":"","meta":{"footnotes":""},"class_list":["post-139","page","type-page","status-publish","hentry"],"aioseo_notices":[],"_links":{"self":[{"href":"https:\/\/www.vilagmagyarsaga.hu\/index.php?rest_route=\/wp\/v2\/pages\/139","targetHints":{"allow":["GET"]}}],"collection":[{"href":"https:\/\/www.vilagmagyarsaga.hu\/index.php?rest_route=\/wp\/v2\/pages"}],"about":[{"href":"https:\/\/www.vilagmagyarsaga.hu\/index.php?rest_route=\/wp\/v2\/types\/page"}],"author":[{"embeddable":true,"href":"https:\/\/www.vilagmagyarsaga.hu\/index.php?rest_route=\/wp\/v2\/users\/1"}],"replies":[{"embeddable":true,"href":"https:\/\/www.vilagmagyarsaga.hu\/index.php?rest_route=%2Fwp%2Fv2%2Fcomments&post=139"}],"version-history":[{"count":2,"href":"https:\/\/www.vilagmagyarsaga.hu\/index.php?rest_route=\/wp\/v2\/pages\/139\/revisions"}],"predecessor-version":[{"id":142,"href":"https:\/\/www.vilagmagyarsaga.hu\/index.php?rest_route=\/wp\/v2\/pages\/139\/revisions\/142"}],"wp:attachment":[{"href":"https:\/\/www.vilagmagyarsaga.hu\/index.php?rest_route=%2Fwp%2Fv2%2Fmedia&parent=139"}],"curies":[{"name":"wp","href":"https:\/\/api.w.org\/{rel}","templated":true}]}}